{"id":12,"date":"2025-12-01T23:39:10","date_gmt":"2025-12-01T20:39:10","guid":{"rendered":"https:\/\/innovapart.es\/?page_id=12"},"modified":"2025-12-17T23:39:52","modified_gmt":"2025-12-17T20:39:52","slug":"politica-de-privacidad","status":"publish","type":"page","link":"https:\/\/innovapart.es\/es\/politica-de-privacidad\/","title":{"rendered":"Pol\u00edtica de Privacidad"},"content":{"rendered":"<p>INNOVAPART CONSTRUCCIONES S.L. est\u00e1 comprometida con la protecci\u00f3n de su privacidad. Esta Pol\u00edtica de Privacidad explica c\u00f3mo recopilamos, usamos y protegemos su informaci\u00f3n personal.<\/p>\n<div>\n<h2>1. Informaci\u00f3n que Recopilamos<\/h2>\n<p>Podemos recopilar informaci\u00f3n personal como su nombre, direcci\u00f3n de correo electr\u00f3nico, n\u00famero de tel\u00e9fono y cualquier otra informaci\u00f3n que proporcione al contactarnos a trav\u00e9s de nuestro sitio web u otros canales de comunicaci\u00f3n.<\/p>\n<\/div>\n<div>\n<h2>2. C\u00f3mo Usamos su Informaci\u00f3n<\/h2>\n<p>Utilizamos su informaci\u00f3n personal para responder a sus consultas, proporcionar informaci\u00f3n sobre nuestras propiedades y comunicarnos con usted sobre nuestros servicios. No vendemos ni compartimos su informaci\u00f3n personal con terceros con fines de marketing.<\/p>\n<\/div>\n<div>\n<h2>3. Protecci\u00f3n de Datos<\/h2>\n<p>Implementamos medidas de seguridad apropiadas para proteger su informaci\u00f3n personal contra el acceso no autorizado, la alteraci\u00f3n o la destrucci\u00f3n.<\/p>\n<\/div>\n<div>\n<h2>4. Sus Derechos<\/h2>\n<p>Tiene derecho a acceder, corregir o eliminar su informaci\u00f3n personal. Tambi\u00e9n puede oponerse o restringir ciertos tipos de procesamiento de datos. Para ejercer estos derechos, cont\u00e1ctenos en innovapartconstrucciones@gmail.com.<\/p>\n<\/div>\n<div>\n<h2>5. Cookies<\/h2>\n<p>Nuestro sitio web puede usar cookies para mejorar la experiencia del usuario. Consulte nuestra Pol\u00edtica de Cookies para obtener m\u00e1s informaci\u00f3n.<\/p>\n<\/div>\n<div>\n<h2>6. Cont\u00e1ctenos<\/h2>\n<p>Si tiene alguna pregunta sobre esta Pol\u00edtica de Privacidad, cont\u00e1ctenos en:<\/p>\n<p class=\"whitespace-pre-line\">INNOVAPART CONSTRUCCIONES S.L.<br \/>\nC. Capitan Garcia Gea, 1B, 2C 03182 Torrevieja, Alicante, Espa\u00f1a<br \/>\nEmail: innovapartconstrucciones@gmail.com<br \/>\nTel\u00e9fono: +34 602 086 637<\/p>\n<\/div>\n<p><\/p>","protected":false},"excerpt":{"rendered":"<p>INNOVAPART CONSTRUCCIONES S.L. est\u00e1 comprometida con la protecci\u00f3n de su privacidad. Esta Pol\u00edtica de Privacidad explica c\u00f3mo recopilamos, usamos y protegemos su informaci\u00f3n personal. 1. Informaci\u00f3n que Recopilamos Podemos recopilar informaci\u00f3n personal como su nombre, direcci\u00f3n de correo electr\u00f3nico, n\u00famero de tel\u00e9fono y cualquier otra informaci\u00f3n que proporcione al contactarnos a trav\u00e9s de nuestro sitio\u2026<\/p>\n","protected":false},"author":1,"featured_media":0,"parent":0,"menu_order":0,"comment_status":"closed","ping_status":"closed","template":"","meta":{"footnotes":""},"class_list":["post-12","page","type-page","status-publish","hentry"],"_links":{"self":[{"href":"https:\/\/innovapart.es\/es\/wp-json\/wp\/v2\/pages\/12","targetHints":{"allow":["GET"]}}],"collection":[{"href":"https:\/\/innovapart.es\/es\/wp-json\/wp\/v2\/pages"}],"about":[{"href":"https:\/\/innovapart.es\/es\/wp-json\/wp\/v2\/types\/page"}],"author":[{"embeddable":true,"href":"https:\/\/innovapart.es\/es\/wp-json\/wp\/v2\/users\/1"}],"replies":[{"embeddable":true,"href":"https:\/\/innovapart.es\/es\/wp-json\/wp\/v2\/comments?post=12"}],"version-history":[{"count":2,"href":"https:\/\/innovapart.es\/es\/wp-json\/wp\/v2\/pages\/12\/revisions"}],"predecessor-version":[{"id":15,"href":"https:\/\/innovapart.es\/es\/wp-json\/wp\/v2\/pages\/12\/revisions\/15"}],"wp:attachment":[{"href":"https:\/\/innovapart.es\/es\/wp-json\/wp\/v2\/media?parent=12"}],"curies":[{"name":"wp","href":"https:\/\/api.w.org\/{rel}","templated":true}]}}