{"id":8,"date":"2025-12-10T23:34:02","date_gmt":"2025-12-10T20:34:02","guid":{"rendered":"https:\/\/innovapart.es\/?page_id=8"},"modified":"2025-12-17T23:41:04","modified_gmt":"2025-12-17T20:41:04","slug":"cookie-policy","status":"publish","type":"page","link":"https:\/\/innovapart.es\/es\/cookie-policy\/","title":{"rendered":"Pol\u00edtica de Cookies"},"content":{"rendered":"<p>Esta Pol\u00edtica de Cookies explica c\u00f3mo INNOVAPART CONSTRUCCIONES S.L. utiliza cookies y tecnolog\u00edas similares en nuestro sitio web.<\/p>\n<div>\n<h2>1. \u00bfQu\u00e9 son las Cookies?<\/h2>\n<p>Las cookies son peque\u00f1os archivos de texto que se colocan en su dispositivo cuando visita nuestro sitio web. Nos ayudan a brindarle una mejor experiencia al recordar sus preferencias y comprender c\u00f3mo utiliza nuestro sitio.<\/p>\n<\/div>\n<div>\n<h2>2. Tipos de Cookies que Utilizamos<\/h2>\n<div class=\"space-y-4\">\n<div>\n<h3>Cookies Esenciales<\/h3>\n<p>Estas cookies son necesarias para que el sitio web funcione correctamente. Habilitan funciones b\u00e1sicas como la navegaci\u00f3n de p\u00e1ginas y el acceso a \u00e1reas seguras del sitio web.<\/p>\n<\/div>\n<div>\n<h3>Cookies de Rendimiento<\/h3>\n<p>Estas cookies nos ayudan a comprender c\u00f3mo los visitantes interact\u00faan con nuestro sitio web al recopilar e informar informaci\u00f3n de forma an\u00f3nima.<\/p>\n<\/div>\n<div>\n<h3>Cookies de Funcionalidad<\/h3>\n<p>Estas cookies permiten que el sitio web recuerde las opciones que usted hace (como su preferencia de idioma) y proporcionan caracter\u00edsticas mejoradas y m\u00e1s personalizadas.<\/p>\n<\/div>\n<\/div>\n<\/div>\n<div>\n<h2>3. Gesti\u00f3n de Cookies<\/h2>\n<p>Puede controlar y\/o eliminar las cookies como desee. Puede eliminar todas las cookies que ya est\u00e1n en su computadora y puede configurar la mayor\u00eda de los navegadores para evitar que se coloquen. Sin embargo, si hace esto, es posible que tenga que ajustar manualmente algunas preferencias cada vez que visite nuestro sitio.<\/p>\n<\/div>\n<div>\n<h2>4. Cookies de Terceros<\/h2>\n<p>Nuestro sitio web puede contener enlaces a sitios web de terceros. No somos responsables de las pr\u00e1cticas de privacidad o el contenido de estos sitios de terceros. Revise sus pol\u00edticas de cookies por separado.<\/p>\n<\/div>\n<div>\n<h2>5. Cont\u00e1ctenos<\/h2>\n<p>Si tiene alguna pregunta sobre nuestro uso de cookies, cont\u00e1ctenos en:<\/p>\n<p class=\"whitespace-pre-line\">INNOVAPART CONSTRUCCIONES S.L.<br \/>\nEmail: innovapartconstrucciones@gmail.com<br \/>\nTel\u00e9fono: +34 602 086 637<\/p>\n<\/div>\n<p><\/p>","protected":false},"excerpt":{"rendered":"<p>Esta Pol\u00edtica de Cookies explica c\u00f3mo INNOVAPART CONSTRUCCIONES S.L. utiliza cookies y tecnolog\u00edas similares en nuestro sitio web. 1. \u00bfQu\u00e9 son las Cookies? Las cookies son peque\u00f1os archivos de texto que se colocan en su dispositivo cuando visita nuestro sitio web. Nos ayudan a brindarle una mejor experiencia al recordar sus preferencias y comprender c\u00f3mo\u2026<\/p>\n","protected":false},"author":1,"featured_media":0,"parent":0,"menu_order":0,"comment_status":"closed","ping_status":"closed","template":"","meta":{"footnotes":""},"class_list":["post-8","page","type-page","status-publish","hentry"],"_links":{"self":[{"href":"https:\/\/innovapart.es\/es\/wp-json\/wp\/v2\/pages\/8","targetHints":{"allow":["GET"]}}],"collection":[{"href":"https:\/\/innovapart.es\/es\/wp-json\/wp\/v2\/pages"}],"about":[{"href":"https:\/\/innovapart.es\/es\/wp-json\/wp\/v2\/types\/page"}],"author":[{"embeddable":true,"href":"https:\/\/innovapart.es\/es\/wp-json\/wp\/v2\/users\/1"}],"replies":[{"embeddable":true,"href":"https:\/\/innovapart.es\/es\/wp-json\/wp\/v2\/comments?post=8"}],"version-history":[{"count":2,"href":"https:\/\/innovapart.es\/es\/wp-json\/wp\/v2\/pages\/8\/revisions"}],"predecessor-version":[{"id":16,"href":"https:\/\/innovapart.es\/es\/wp-json\/wp\/v2\/pages\/8\/revisions\/16"}],"wp:attachment":[{"href":"https:\/\/innovapart.es\/es\/wp-json\/wp\/v2\/media?parent=8"}],"curies":[{"name":"wp","href":"https:\/\/api.w.org\/{rel}","templated":true}]}}